{"id":559,"date":"2016-09-22T17:35:37","date_gmt":"2016-09-22T17:35:37","guid":{"rendered":"http:\/\/sonec.es\/pt-pt\/?page_id=559"},"modified":"2020-11-11T16:37:09","modified_gmt":"2020-11-11T16:37:09","slug":"sobre-nos","status":"publish","type":"page","link":"https:\/\/sonec.es\/pt-pt\/sobre-nos\/","title":{"rendered":"Sobre N\u00f3s"},"content":{"rendered":"<p>[et_pb_section fb_built=&#8221;1&#8243; custom_padding_last_edited=&#8221;on|desktop&#8221; admin_label=&#8221;Secci\u00f3n&#8221; _builder_version=&#8221;3.22&#8243; background_color=&#8221;#7a97ac&#8221; custom_padding_tablet=&#8221;50px|0|50px|0&#8243; custom_padding_phone=&#8221;&#8221; transparent_background=&#8221;off&#8221; padding_mobile=&#8221;off&#8221; make_fullwidth=&#8221;off&#8221; use_custom_width=&#8221;off&#8221; width_unit=&#8221;on&#8221;][et_pb_row padding_mobile=&#8221;off&#8221; column_padding_mobile=&#8221;on&#8221; admin_label=&#8221;Fila&#8221; _builder_version=&#8221;3.25&#8243; background_size=&#8221;initial&#8221; background_position=&#8221;top_left&#8221; background_repeat=&#8221;repeat&#8221; make_fullwidth=&#8221;off&#8221; use_custom_width=&#8221;off&#8221; width_unit=&#8221;on&#8221;][et_pb_column type=&#8221;4_4&#8243; _builder_version=&#8221;3.25&#8243; custom_padding=&#8221;|||&#8221; custom_padding__hover=&#8221;|||&#8221;][et_pb_text admin_label=&#8221;Texto&#8221; _builder_version=&#8221;3.27.4&#8243; background_size=&#8221;initial&#8221; background_position=&#8221;top_left&#8221; background_repeat=&#8221;repeat&#8221; use_border_color=&#8221;off&#8221; border_color=&#8221;#ffffff&#8221; border_style=&#8221;solid&#8221;]<\/p>\n<h2 style=\"text-align: center;\"><span style=\"color: #ffffff;\"><strong>SOBRE N\u00d3S<br \/>\n<\/strong><\/span><\/h2>\n<p>[\/et_pb_text][\/et_pb_column][\/et_pb_row][\/et_pb_section][et_pb_section fb_built=&#8221;1&#8243; admin_label=&#8221;section&#8221; _builder_version=&#8221;3.22&#8243;][et_pb_row column_structure=&#8221;2_3,1_3&#8243; admin_label=&#8221;row&#8221; _builder_version=&#8221;3.25&#8243; background_size=&#8221;initial&#8221; background_position=&#8221;top_left&#8221; background_repeat=&#8221;repeat&#8221;][et_pb_column type=&#8221;2_3&#8243; _builder_version=&#8221;3.25&#8243; custom_padding=&#8221;|||&#8221; custom_padding__hover=&#8221;|||&#8221;][et_pb_text admin_label=&#8221;Texto&#8221; _builder_version=&#8221;3.27.4&#8243; background_size=&#8221;initial&#8221; background_position=&#8221;top_left&#8221; background_repeat=&#8221;repeat&#8221; text_orientation=&#8221;center&#8221; module_alignment=&#8221;center&#8221; use_border_color=&#8221;off&#8221; border_color=&#8221;#ffffff&#8221; border_style=&#8221;solid&#8221;]<\/p>\n<h2 style=\"text-align: left;\"><strong>DQC, m\u00e1xima fiabilidade ao servi\u00e7o dos seus clientes<\/strong><\/h2>\n<p style=\"text-align: left;\">Desde h\u00e1 mais de uma d\u00e9cada, a\u00a0<strong>DQC\u00a0<\/strong>dedica-se ao desenvolvimento, fabrico e comercializa\u00e7\u00e3o das \u00faltimas tecnologias no campo dos\u00a0produtos qu\u00edmicos dedicados \u00e0 constru\u00e7\u00e3o. O objetivo principal\u00a0da\u00a0<strong>DQC<\/strong>, desde o seu nascimento em 1998, define-se claramente pela melhoria cont\u00ednua de todos os seus processos, motivo pelo qual p\u00f5e todos os recursos da sua organiza\u00e7\u00e3o ao servi\u00e7o de um produto da m\u00e1xima qualidade e rentabilidade para os seus clientes.<\/p>\n<p style=\"text-align: left;\">A\u00a0<strong>DQC\u00a0<\/strong>\u00e9 uma empresa rigorosa, din\u00e2mica e em pleno processo de expanss\u00e3o, baseada na uni\u00e3o de um grupo de profissionais com uma longa experi\u00eancia no setor dos produtos qu\u00edmicos de constru\u00e7\u00e3o e dos elast\u00f3meros acr\u00edlicos. O nosso objetivo \u00e9 conseguir a m\u00e1xima qualidade de produto e de aplica\u00e7\u00e3o e, juntamente com o contributo de um amplo conhecimento do mercado, problemas e solu\u00e7\u00f5es, asseguramos a permanente confian\u00e7a e satisfa\u00e7\u00e3o do cliente.<\/p>\n<p style=\"text-align: left;\">Dispomos de uma ampla rede comercial que abrange todo o territ\u00f3rio nacional, com diversas delega\u00e7\u00f5es oferecendo uma aten\u00e7\u00e3o personalizada e imediata. A singularidade da nossa pol\u00edtica de empresa \u00e9 a procura da perfeita combina\u00e7\u00e3o entre qualidade de produto e prote\u00e7\u00e3o do meio ambiente, bem como a adapta\u00e7\u00e3o ao C\u00f3digo T\u00e9cnico da Edifica\u00e7\u00e3o: <strong>CTE\u00a0DB-HE\u00a0e\u00a0CTE DB-HR.<\/strong><\/p>\n<p>[\/et_pb_text][et_pb_image src=&#8221;https:\/\/sonec.es\/wp-content\/uploads\/2016\/06\/20130730170407_837yy471.png&#8221; show_bottom_space=&#8221;off&#8221; align=&#8221;center&#8221; align_tablet=&#8221;center&#8221; align_phone=&#8221;&#8221; align_last_edited=&#8221;on|desktop&#8221; admin_label=&#8221;Imagen&#8221; _builder_version=&#8221;3.23&#8243; use_border_color=&#8221;off&#8221; border_color=&#8221;#ffffff&#8221; border_style=&#8221;solid&#8221; animation=&#8221;off&#8221; sticky=&#8221;on&#8221; always_center_on_mobile=&#8221;on&#8221;] [\/et_pb_image][\/et_pb_column][et_pb_column type=&#8221;1_3&#8243; _builder_version=&#8221;3.25&#8243; custom_padding=&#8221;|||&#8221; custom_padding__hover=&#8221;|||&#8221;][et_pb_image src=&#8221;https:\/\/sonec.es\/wp-content\/uploads\/2016\/06\/edificio-membrana-acustica-310&#215;620.jpg&#8221; align_tablet=&#8221;center&#8221; align_phone=&#8221;&#8221; align_last_edited=&#8221;on|desktop&#8221; admin_label=&#8221;Imagen&#8221; _builder_version=&#8221;3.23&#8243; animation_style=&#8221;slide&#8221; animation_direction=&#8221;left&#8221; animation_duration=&#8221;500ms&#8221; animation_intensity_slide=&#8221;10%&#8221; use_border_color=&#8221;off&#8221; border_color=&#8221;#ffffff&#8221; border_style=&#8221;solid&#8221; animation=&#8221;left&#8221; sticky=&#8221;off&#8221; always_center_on_mobile=&#8221;on&#8221;] [\/et_pb_image][\/et_pb_column][\/et_pb_row][\/et_pb_section][et_pb_section fb_built=&#8221;1&#8243; custom_padding_last_edited=&#8221;on|desktop&#8221; admin_label=&#8221;Secci\u00f3n&#8221; _builder_version=&#8221;3.22&#8243; background_color=&#8221;#7a97ac&#8221; custom_padding_tablet=&#8221;50px|0|50px|0&#8243; custom_padding_phone=&#8221;&#8221; transparent_background=&#8221;off&#8221; padding_mobile=&#8221;off&#8221; make_fullwidth=&#8221;off&#8221; use_custom_width=&#8221;off&#8221; width_unit=&#8221;on&#8221;][et_pb_row admin_label=&#8221;Fila&#8221; _builder_version=&#8221;3.25&#8243; background_size=&#8221;initial&#8221; background_position=&#8221;top_left&#8221; background_repeat=&#8221;repeat&#8221;][et_pb_column type=&#8221;4_4&#8243; _builder_version=&#8221;3.25&#8243; custom_padding=&#8221;|||&#8221; custom_padding__hover=&#8221;|||&#8221;][et_pb_cta title=&#8221;Alguma d\u00favida?&#8221; button_url=&#8221;https:\/\/sonec.es\/pt-pt\/contato\/&#8221; button_text=&#8221;Pe\u00e7a uma demonstra\u00e7\u00e3o sem compromisso!&#8221; admin_label=&#8221;Llamada a la acci\u00f3n&#8221; _builder_version=&#8221;3.16&#8243; header_font=&#8221;|on|||&#8221; header_font_size=&#8221;40&#8243; header_letter_spacing=&#8221;1px&#8221; background_size=&#8221;initial&#8221; background_position=&#8221;top_left&#8221; background_repeat=&#8221;repeat&#8221; custom_button=&#8221;on&#8221; button_icon=&#8221;%%20%%&#8221; border_width_all=&#8221;5px&#8221; border_color_all=&#8221;#ffffff&#8221; border_style_all=&#8221;outset&#8221; use_border_color=&#8221;on&#8221; border_color=&#8221;#ffffff&#8221; border_width=&#8221;5px&#8221; border_style=&#8221;outset&#8221; button_letter_spacing_hover=&#8221;0&#8243; button_text_size__hover_enabled=&#8221;off&#8221; button_one_text_size__hover_enabled=&#8221;off&#8221; button_two_text_size__hover_enabled=&#8221;off&#8221; button_text_color__hover_enabled=&#8221;off&#8221; button_one_text_color__hover_enabled=&#8221;off&#8221; button_two_text_color__hover_enabled=&#8221;off&#8221; button_border_width__hover_enabled=&#8221;off&#8221; button_one_border_width__hover_enabled=&#8221;off&#8221; button_two_border_width__hover_enabled=&#8221;off&#8221; button_border_color__hover_enabled=&#8221;off&#8221; button_one_border_color__hover_enabled=&#8221;off&#8221; button_two_border_color__hover_enabled=&#8221;off&#8221; button_border_radius__hover_enabled=&#8221;off&#8221; button_one_border_radius__hover_enabled=&#8221;off&#8221; button_two_border_radius__hover_enabled=&#8221;off&#8221; button_letter_spacing__hover_enabled=&#8221;on&#8221; button_letter_spacing__hover=&#8221;0&#8243; button_one_letter_spacing__hover_enabled=&#8221;off&#8221; button_two_letter_spacing__hover_enabled=&#8221;off&#8221; button_bg_color__hover_enabled=&#8221;off&#8221; button_one_bg_color__hover_enabled=&#8221;off&#8221; button_two_bg_color__hover_enabled=&#8221;off&#8221;] [\/et_pb_cta][\/et_pb_column][\/et_pb_row][\/et_pb_section][et_pb_section fb_built=&#8221;1&#8243; custom_padding_last_edited=&#8221;on|desktop&#8221; admin_label=&#8221;section&#8221; _builder_version=&#8221;3.22&#8243; background_color=&#8221;rgba(22,22,22,0.86)&#8221; custom_padding_tablet=&#8221;50px|0|50px|0&#8243; custom_padding_phone=&#8221;&#8221; transparent_background=&#8221;off&#8221; padding_mobile=&#8221;off&#8221; make_fullwidth=&#8221;off&#8221; use_custom_width=&#8221;off&#8221; width_unit=&#8221;on&#8221; custom_width_px=&#8221;1080px&#8221; custom_width_percent=&#8221;80%&#8221;][et_pb_row column_structure=&#8221;1_4,1_2,1_4&#8243; padding_mobile=&#8221;off&#8221; column_padding_mobile=&#8221;on&#8221; admin_label=&#8221;row&#8221; _builder_version=&#8221;3.25&#8243; background_size=&#8221;initial&#8221; background_position=&#8221;top_left&#8221; background_repeat=&#8221;repeat&#8221; custom_padding=&#8221;25.25px|0px|29px|0px&#8221; make_fullwidth=&#8221;off&#8221; use_custom_width=&#8221;off&#8221; width_unit=&#8221;off&#8221; custom_width_px=&#8221;1080px&#8221; custom_width_percent=&#8221;80%&#8221;][et_pb_column type=&#8221;1_4&#8243; _builder_version=&#8221;3.25&#8243; custom_padding=&#8221;|||&#8221; custom_padding__hover=&#8221;|||&#8221;][et_pb_text admin_label=&#8221;Texto&#8221; _builder_version=&#8221;3.27.4&#8243; background_size=&#8221;initial&#8221; background_position=&#8221;top_left&#8221; background_repeat=&#8221;repeat&#8221; use_border_color=&#8221;off&#8221; border_style=&#8221;solid&#8221;]<\/p>\n<h4><span style=\"color: #7a97ac;\"><strong>DESARROLLOS QU\u00cdMICOS CASTELLANOS SL.<\/strong><\/span><\/h4>\n<p>[\/et_pb_text][et_pb_image src=&#8221;https:\/\/sonec.es\/wp-content\/uploads\/2016\/06\/LOGO_FEDER_ing_COLOR.png&#8221; title_text=&#8221;LOGO_FEDER_ing_COLOR&#8221; align_tablet=&#8221;center&#8221; align_phone=&#8221;&#8221; align_last_edited=&#8221;on|desktop&#8221; admin_label=&#8221;Imagen&#8221; _builder_version=&#8221;4.6.6&#8243; max_width=&#8221;116px&#8221; animation_style=&#8221;slide&#8221; animation_direction=&#8221;left&#8221; animation_duration=&#8221;500ms&#8221; animation_intensity_slide=&#8221;10%&#8221; use_border_color=&#8221;off&#8221; border_color=&#8221;#ffffff&#8221; border_width=&#8221;1px&#8221; border_style=&#8221;solid&#8221; sticky=&#8221;off&#8221; always_center_on_mobile=&#8221;on&#8221;] [\/et_pb_image][et_pb_text admin_label=&#8221;Text&#8221; _builder_version=&#8221;4.6.6&#8243; background_size=&#8221;initial&#8221; background_position=&#8221;top_left&#8221; background_repeat=&#8221;repeat&#8221; use_border_color=&#8221;off&#8221; border_style=&#8221;solid&#8221;][\/et_pb_text][\/et_pb_column][et_pb_column type=&#8221;1_2&#8243; _builder_version=&#8221;3.25&#8243; custom_padding=&#8221;|||&#8221; custom_padding__hover=&#8221;|||&#8221;][et_pb_contact_form use_spam_service=&#8221;on&#8221; recaptcha_list=&#8221;Sonec|Sonec-0&#8243; email=&#8221;info@sonec.es&#8221; title=&#8221;Formul\u00e1rio de contato&#8221; success_message=&#8221;Muito obrigado por nos contatar. N\u00f3s responderemos o mais r\u00e1pido poss\u00edvel.&#8221; admin_label=&#8221;Contact Form&#8221; module_id=&#8221;et_pb_contact_form_0&#8243; _builder_version=&#8221;4.6.6&#8243; title_font=&#8221;|on|||&#8221; title_text_color=&#8221;#7a97ac&#8221; custom_button=&#8221;on&#8221; button_text_color=&#8221;#7a97ac&#8221; button_bg_color=&#8221;rgba(255,255,255,0)&#8221; button_border_color=&#8221;#7a97ac&#8221; button_border_radius=&#8221;14&#8243; button_icon=&#8221;%%20%%&#8221; button_icon_color=&#8221;#7a97ac&#8221; button_on_hover=&#8221;off&#8221; border_radii=&#8221;on|14px|14px|14px|14px&#8221; border_width_all=&#8221;2px&#8221; border_color_all=&#8221;#7a97ac&#8221; border_style_all=&#8221;solid&#8221; use_border_color=&#8221;on&#8221; border_color=&#8221;#7a97ac&#8221; border_width=&#8221;2px&#8221; border_style=&#8221;solid&#8221; input_border_radius=&#8221;14&#8243; button_text_color_hover=&#8221;#7a97ac&#8221; button_bg_color_hover=&#8221;#ffffff&#8221; button_border_color_hover=&#8221;#7a97ac&#8221; button_border_radius_hover=&#8221;14&#8243; button_letter_spacing_hover=&#8221;0&#8243;][et_pb_contact_field field_id=&#8221;Nome&#8221; field_title=&#8221;Nome&#8221; _builder_version=&#8221;4.6.6&#8243; border_radii=&#8221;on|0px|0px|0px|0px&#8221; input_border_radius=&#8221;0&#8243; button_text_size__hover_enabled=&#8221;off&#8221; button_one_text_size__hover_enabled=&#8221;off&#8221; button_two_text_size__hover_enabled=&#8221;off&#8221; button_text_color__hover_enabled=&#8221;off&#8221; button_one_text_color__hover_enabled=&#8221;off&#8221; button_two_text_color__hover_enabled=&#8221;off&#8221; button_border_width__hover_enabled=&#8221;off&#8221; button_one_border_width__hover_enabled=&#8221;off&#8221; button_two_border_width__hover_enabled=&#8221;off&#8221; button_border_color__hover_enabled=&#8221;off&#8221; button_one_border_color__hover_enabled=&#8221;off&#8221; button_two_border_color__hover_enabled=&#8221;off&#8221; button_border_radius__hover_enabled=&#8221;off&#8221; button_one_border_radius__hover_enabled=&#8221;off&#8221; button_two_border_radius__hover_enabled=&#8221;off&#8221; button_letter_spacing__hover_enabled=&#8221;off&#8221; button_one_letter_spacing__hover_enabled=&#8221;off&#8221; button_two_letter_spacing__hover_enabled=&#8221;off&#8221; button_bg_color__hover_enabled=&#8221;off&#8221; button_one_bg_color__hover_enabled=&#8221;off&#8221; button_two_bg_color__hover_enabled=&#8221;off&#8221;][\/et_pb_contact_field][et_pb_contact_field field_id=&#8221;Email&#8221; field_title=&#8221;Email&#8221; field_type=&#8221;email&#8221; _builder_version=&#8221;4.6.6&#8243; border_radii=&#8221;on|0px|0px|0px|0px&#8221; input_border_radius=&#8221;0&#8243; button_text_size__hover_enabled=&#8221;off&#8221; button_one_text_size__hover_enabled=&#8221;off&#8221; button_two_text_size__hover_enabled=&#8221;off&#8221; button_text_color__hover_enabled=&#8221;off&#8221; button_one_text_color__hover_enabled=&#8221;off&#8221; button_two_text_color__hover_enabled=&#8221;off&#8221; button_border_width__hover_enabled=&#8221;off&#8221; button_one_border_width__hover_enabled=&#8221;off&#8221; button_two_border_width__hover_enabled=&#8221;off&#8221; button_border_color__hover_enabled=&#8221;off&#8221; button_one_border_color__hover_enabled=&#8221;off&#8221; button_two_border_color__hover_enabled=&#8221;off&#8221; button_border_radius__hover_enabled=&#8221;off&#8221; button_one_border_radius__hover_enabled=&#8221;off&#8221; button_two_border_radius__hover_enabled=&#8221;off&#8221; button_letter_spacing__hover_enabled=&#8221;off&#8221; button_one_letter_spacing__hover_enabled=&#8221;off&#8221; button_two_letter_spacing__hover_enabled=&#8221;off&#8221; button_bg_color__hover_enabled=&#8221;off&#8221; button_one_bg_color__hover_enabled=&#8221;off&#8221; button_two_bg_color__hover_enabled=&#8221;off&#8221;][\/et_pb_contact_field][et_pb_contact_field field_id=&#8221;Message&#8221; field_title=&#8221;Mensagem&#8221; field_type=&#8221;text&#8221; _builder_version=&#8221;4.6.6&#8243; border_radii=&#8221;on|0px|0px|0px|0px&#8221; input_border_radius=&#8221;0&#8243; button_text_size__hover_enabled=&#8221;off&#8221; button_one_text_size__hover_enabled=&#8221;off&#8221; button_two_text_size__hover_enabled=&#8221;off&#8221; button_text_color__hover_enabled=&#8221;off&#8221; button_one_text_color__hover_enabled=&#8221;off&#8221; button_two_text_color__hover_enabled=&#8221;off&#8221; button_border_width__hover_enabled=&#8221;off&#8221; button_one_border_width__hover_enabled=&#8221;off&#8221; button_two_border_width__hover_enabled=&#8221;off&#8221; button_border_color__hover_enabled=&#8221;off&#8221; button_one_border_color__hover_enabled=&#8221;off&#8221; button_two_border_color__hover_enabled=&#8221;off&#8221; button_border_radius__hover_enabled=&#8221;off&#8221; button_one_border_radius__hover_enabled=&#8221;off&#8221; button_two_border_radius__hover_enabled=&#8221;off&#8221; button_letter_spacing__hover_enabled=&#8221;off&#8221; button_one_letter_spacing__hover_enabled=&#8221;off&#8221; button_two_letter_spacing__hover_enabled=&#8221;off&#8221; button_bg_color__hover_enabled=&#8221;off&#8221; button_one_bg_color__hover_enabled=&#8221;off&#8221; button_two_bg_color__hover_enabled=&#8221;off&#8221;][\/et_pb_contact_field][et_pb_contact_field field_id=&#8221;Field_4&#8243; field_title=&#8221; Pol\u00edtica de prote\u00e7\u00e3o de dados&#8221; field_type=&#8221;checkbox&#8221; checkbox_options=&#8221;%91{%22value%22:%22Li e aceito as condi\u00e7\u00f5es de prote\u00e7\u00e3o de dados.%22,%22checked%22:0,%22dragID%22:-1,%22link_url%22:%22https:\/\/www.sonec.es\/politica-de-proteccion-de-datos-de-contacto\/%22}%93&#8243; fullwidth_field=&#8221;on&#8221; _builder_version=&#8221;4.6.6&#8243; _module_preset=&#8221;default&#8221;][\/et_pb_contact_field][\/et_pb_contact_form][\/et_pb_column][et_pb_column type=&#8221;1_4&#8243; _builder_version=&#8221;3.25&#8243; custom_padding=&#8221;|||&#8221; custom_padding__hover=&#8221;|||&#8221;][et_pb_text admin_label=&#8221;Text&#8221; _builder_version=&#8221;4.6.6&#8243; background_size=&#8221;initial&#8221; background_position=&#8221;top_left&#8221; background_repeat=&#8221;repeat&#8221; use_border_color=&#8221;off&#8221; border_style=&#8221;solid&#8221;]<\/p>\n<h3 style=\"text-align: left;\"><span style=\"color: #7a97ac;\"><strong>Mais In<span id=\"result_box\" class=\"short_text\" lang=\"pt\" tabindex=\"-1\"><span class=\"\">forma\u00e7\u00e3o<\/span><\/span><\/strong><\/span><\/h3>\n<p style=\"text-align: left;\"><span style=\"color: #ffffff;\"><span id=\"result_box\" class=\"\" lang=\"pt\" tabindex=\"-1\">Para mais informa\u00e7\u00f5es contacte atrav\u00e9s do nosso formul\u00e1rio ou diretamente para os nossos contactos. N\u00f3s responderemos <span class=\"\">o mais rapidamente poss\u00edvel<\/span>.<\/span><\/span><\/p>\n<p style=\"text-align: left;\"><span style=\"color: #ffffff;\">C\/ Curtidores N\u00ba 4.<\/span><br \/>\n<span style=\"color: #ffffff;\"> Pol\u00edgono Industrial San Cosme II.<\/span><br \/>\n<span style=\"color: #ffffff;\"> 47620. Villanubla. Valladolid. Espa\u00f1a<\/span>.<\/p>\n<p><a href=\"callto:902 99 50 95\"><span id=\"et-info-phone\">902 99 50 95<\/span><\/a><\/p>\n<p><span style=\"color: #e78325;\"><strong>\u00a0<a href=\"mailto:info@sonec.es\"><span id=\"et-info-email\">info@sonec.es<\/span><\/a><\/strong><\/span>[\/et_pb_text][\/et_pb_column][\/et_pb_row][\/et_pb_section]<\/p>\n","protected":false},"excerpt":{"rendered":"<p>SOBRE N\u00d3S DQC, m\u00e1xima fiabilidade ao servi\u00e7o dos seus clientes Desde h\u00e1 mais de uma d\u00e9cada, a\u00a0DQC\u00a0dedica-se ao desenvolvimento, fabrico e comercializa\u00e7\u00e3o das \u00faltimas tecnologias no campo dos\u00a0produtos qu\u00edmicos dedicados \u00e0 constru\u00e7\u00e3o. O objetivo principal\u00a0da\u00a0DQC, desde o seu nascimento em 1998, define-se claramente pela melhoria cont\u00ednua de todos os seus processos, motivo pelo qual p\u00f5e [&hellip;]<\/p>\n","protected":false},"author":2,"featured_media":0,"parent":0,"menu_order":0,"comment_status":"closed","ping_status":"closed","template":"","meta":{"_et_pb_use_builder":"on","_et_pb_old_content":"","_et_gb_content_width":"","footnotes":""},"class_list":["post-559","page","type-page","status-publish","hentry"],"yoast_head":"<!-- This site is optimized with the Yoast SEO plugin v26.7 - https:\/\/yoast.com\/wordpress\/plugins\/seo\/ -->\n<title>Sobre N\u00f3s - sonec<\/title>\n<meta name=\"robots\" content=\"index, follow, max-snippet:-1, max-image-preview:large, max-video-preview:-1\" \/>\n<link rel=\"canonical\" href=\"https:\/\/prueba.sonec.es\/sobre-nosotros\/\" \/>\n<meta property=\"og:locale\" content=\"pt_PT\" \/>\n<meta property=\"og:type\" content=\"article\" \/>\n<meta property=\"og:title\" content=\"Sobre N\u00f3s - sonec\" \/>\n<meta property=\"og:description\" content=\"SOBRE N\u00d3S DQC, m\u00e1xima fiabilidade ao servi\u00e7o dos seus clientes Desde h\u00e1 mais de uma d\u00e9cada, a\u00a0DQC\u00a0dedica-se ao desenvolvimento, fabrico e comercializa\u00e7\u00e3o das \u00faltimas tecnologias no campo dos\u00a0produtos qu\u00edmicos dedicados \u00e0 constru\u00e7\u00e3o. O objetivo principal\u00a0da\u00a0DQC, desde o seu nascimento em 1998, define-se claramente pela melhoria cont\u00ednua de todos os seus processos, motivo pelo qual p\u00f5e [&hellip;]\" \/>\n<meta property=\"og:url\" content=\"https:\/\/prueba.sonec.es\/sobre-nosotros\/\" \/>\n<meta property=\"og:site_name\" content=\"sonec\" \/>\n<meta property=\"article:modified_time\" content=\"2020-11-11T16:37:09+00:00\" \/>\n<meta name=\"twitter:card\" content=\"summary_large_image\" \/>\n<meta name=\"twitter:label1\" content=\"Tempo estimado de leitura\" \/>\n\t<meta name=\"twitter:data1\" content=\"10 minutos\" \/>\n<script type=\"application\/ld+json\" class=\"yoast-schema-graph\">{\"@context\":\"https:\/\/schema.org\",\"@graph\":[{\"@type\":\"WebPage\",\"@id\":\"https:\/\/prueba.sonec.es\/sobre-nosotros\/\",\"url\":\"https:\/\/prueba.sonec.es\/sobre-nosotros\/\",\"name\":\"Sobre N\u00f3s - sonec\",\"isPartOf\":{\"@id\":\"https:\/\/sonec.es\/#website\"},\"datePublished\":\"2016-09-22T17:35:37+00:00\",\"dateModified\":\"2020-11-11T16:37:09+00:00\",\"inLanguage\":\"pt-PT\",\"potentialAction\":[{\"@type\":\"ReadAction\",\"target\":[\"https:\/\/prueba.sonec.es\/sobre-nosotros\/\"]}]},{\"@type\":\"WebSite\",\"@id\":\"https:\/\/sonec.es\/#website\",\"url\":\"https:\/\/sonec.es\/\",\"name\":\"sonec\",\"description\":\"Sonec web\",\"potentialAction\":[{\"@type\":\"SearchAction\",\"target\":{\"@type\":\"EntryPoint\",\"urlTemplate\":\"https:\/\/sonec.es\/?s={search_term_string}\"},\"query-input\":{\"@type\":\"PropertyValueSpecification\",\"valueRequired\":true,\"valueName\":\"search_term_string\"}}],\"inLanguage\":\"pt-PT\"}]}<\/script>\n<!-- \/ Yoast SEO plugin. -->","yoast_head_json":{"title":"Sobre N\u00f3s - sonec","robots":{"index":"index","follow":"follow","max-snippet":"max-snippet:-1","max-image-preview":"max-image-preview:large","max-video-preview":"max-video-preview:-1"},"canonical":"https:\/\/prueba.sonec.es\/sobre-nosotros\/","og_locale":"pt_PT","og_type":"article","og_title":"Sobre N\u00f3s - sonec","og_description":"SOBRE N\u00d3S DQC, m\u00e1xima fiabilidade ao servi\u00e7o dos seus clientes Desde h\u00e1 mais de uma d\u00e9cada, a\u00a0DQC\u00a0dedica-se ao desenvolvimento, fabrico e comercializa\u00e7\u00e3o das \u00faltimas tecnologias no campo dos\u00a0produtos qu\u00edmicos dedicados \u00e0 constru\u00e7\u00e3o. O objetivo principal\u00a0da\u00a0DQC, desde o seu nascimento em 1998, define-se claramente pela melhoria cont\u00ednua de todos os seus processos, motivo pelo qual p\u00f5e [&hellip;]","og_url":"https:\/\/prueba.sonec.es\/sobre-nosotros\/","og_site_name":"sonec","article_modified_time":"2020-11-11T16:37:09+00:00","twitter_card":"summary_large_image","twitter_misc":{"Tempo estimado de leitura":"10 minutos"},"schema":{"@context":"https:\/\/schema.org","@graph":[{"@type":"WebPage","@id":"https:\/\/prueba.sonec.es\/sobre-nosotros\/","url":"https:\/\/prueba.sonec.es\/sobre-nosotros\/","name":"Sobre N\u00f3s - sonec","isPartOf":{"@id":"https:\/\/sonec.es\/#website"},"datePublished":"2016-09-22T17:35:37+00:00","dateModified":"2020-11-11T16:37:09+00:00","inLanguage":"pt-PT","potentialAction":[{"@type":"ReadAction","target":["https:\/\/prueba.sonec.es\/sobre-nosotros\/"]}]},{"@type":"WebSite","@id":"https:\/\/sonec.es\/#website","url":"https:\/\/sonec.es\/","name":"sonec","description":"Sonec web","potentialAction":[{"@type":"SearchAction","target":{"@type":"EntryPoint","urlTemplate":"https:\/\/sonec.es\/?s={search_term_string}"},"query-input":{"@type":"PropertyValueSpecification","valueRequired":true,"valueName":"search_term_string"}}],"inLanguage":"pt-PT"}]}},"_links":{"self":[{"href":"https:\/\/sonec.es\/pt-pt\/wp-json\/wp\/v2\/pages\/559","targetHints":{"allow":["GET"]}}],"collection":[{"href":"https:\/\/sonec.es\/pt-pt\/wp-json\/wp\/v2\/pages"}],"about":[{"href":"https:\/\/sonec.es\/pt-pt\/wp-json\/wp\/v2\/types\/page"}],"author":[{"embeddable":true,"href":"https:\/\/sonec.es\/pt-pt\/wp-json\/wp\/v2\/users\/2"}],"replies":[{"embeddable":true,"href":"https:\/\/sonec.es\/pt-pt\/wp-json\/wp\/v2\/comments?post=559"}],"version-history":[{"count":7,"href":"https:\/\/sonec.es\/pt-pt\/wp-json\/wp\/v2\/pages\/559\/revisions"}],"predecessor-version":[{"id":2612,"href":"https:\/\/sonec.es\/pt-pt\/wp-json\/wp\/v2\/pages\/559\/revisions\/2612"}],"wp:attachment":[{"href":"https:\/\/sonec.es\/pt-pt\/wp-json\/wp\/v2\/media?parent=559"}],"curies":[{"name":"wp","href":"https:\/\/api.w.org\/{rel}","templated":true}]}}