{"id":568,"date":"2016-09-22T17:45:17","date_gmt":"2016-09-22T17:45:17","guid":{"rendered":"http:\/\/sonec.es\/de\/?page_id=568"},"modified":"2020-11-11T17:15:20","modified_gmt":"2020-11-11T17:15:20","slug":"kontakt","status":"publish","type":"page","link":"https:\/\/sonec.es\/de\/kontakt\/","title":{"rendered":"Kontakt"},"content":{"rendered":"<p>[et_pb_section fb_built=&#8220;1&#8243; custom_padding_last_edited=&#8220;on|desktop&#8220; admin_label=&#8220;Secci\u00f3n&#8220; _builder_version=&#8220;3.22&#8243; background_color=&#8220;#7a97ac&#8220; custom_padding_tablet=&#8220;50px|0|50px|0&#8243; custom_padding_phone=&#8220;&#8220; transparent_background=&#8220;off&#8220; padding_mobile=&#8220;off&#8220; make_fullwidth=&#8220;off&#8220; use_custom_width=&#8220;off&#8220; width_unit=&#8220;on&#8220;][et_pb_row padding_mobile=&#8220;off&#8220; column_padding_mobile=&#8220;on&#8220; admin_label=&#8220;Fila&#8220; _builder_version=&#8220;3.25&#8243; background_size=&#8220;initial&#8220; background_position=&#8220;top_left&#8220; background_repeat=&#8220;repeat&#8220; make_fullwidth=&#8220;off&#8220; use_custom_width=&#8220;off&#8220; width_unit=&#8220;on&#8220;][et_pb_column type=&#8220;4_4&#8243; _builder_version=&#8220;3.25&#8243; custom_padding=&#8220;|||&#8220; custom_padding__hover=&#8220;|||&#8220;][et_pb_text admin_label=&#8220;Texto&#8220; _builder_version=&#8220;3.27.4&#8243; background_size=&#8220;initial&#8220; background_position=&#8220;top_left&#8220; background_repeat=&#8220;repeat&#8220; use_border_color=&#8220;off&#8220; border_color=&#8220;#ffffff&#8220; border_style=&#8220;solid&#8220;]<\/p>\n<h2 style=\"text-align: center;\"><span style=\"color: #ffffff;\"><strong>KONTAKT<br \/>\n<\/strong><\/span><\/h2>\n<p>[\/et_pb_text][\/et_pb_column][\/et_pb_row][\/et_pb_section][et_pb_section fb_built=&#8220;1&#8243; fullwidth=&#8220;on&#8220; admin_label=&#8220;section&#8220; _builder_version=&#8220;3.22&#8243;][et_pb_fullwidth_code admin_label=&#8220;C\u00f3digo de anchura completa&#8220;]<iframe loading=\"lazy\" src=\"https:\/\/www.google.com\/maps\/embed?pb=!1m18!1m12!1m3!1d2979.209717314743!2d-4.82702438461386!3d41.69440818486856!2m3!1f0!2f0!3f0!3m2!1i1024!2i768!4f13.1!3m3!1m2!1s0xd47719bf50f5de1%3A0xc9994a140d8e9612!2sCalle+Curtidores%2C+4%2C+47620+Villanubla%2C+Valladolid!5e0!3m2!1ses!2ses!4v1562228383812!5m2!1ses!2ses\" width=\"100%\" height=\"300\" frameborder=\"0\" style=\"border:0\" allowfullscreen><\/iframe>[\/et_pb_fullwidth_code][\/et_pb_section][et_pb_section fb_built=&#8220;1&#8243; custom_padding_last_edited=&#8220;on|desktop&#8220; admin_label=&#8220;section&#8220; _builder_version=&#8220;3.22&#8243; background_color=&#8220;rgba(22,22,22,0.86)&#8220; custom_padding_tablet=&#8220;50px|0|50px|0&#8243; custom_padding_phone=&#8220;&#8220; transparent_background=&#8220;off&#8220; padding_mobile=&#8220;off&#8220; make_fullwidth=&#8220;off&#8220; use_custom_width=&#8220;off&#8220; width_unit=&#8220;on&#8220; custom_width_px=&#8220;1080px&#8220; custom_width_percent=&#8220;80%&#8220;][et_pb_row column_structure=&#8220;1_4,1_2,1_4&#8243; padding_mobile=&#8220;off&#8220; column_padding_mobile=&#8220;on&#8220; admin_label=&#8220;row&#8220; _builder_version=&#8220;3.25&#8243; background_size=&#8220;initial&#8220; background_position=&#8220;top_left&#8220; background_repeat=&#8220;repeat&#8220; custom_padding=&#8220;25.25px|0px|29px|0px&#8220; make_fullwidth=&#8220;off&#8220; use_custom_width=&#8220;off&#8220; width_unit=&#8220;off&#8220; custom_width_px=&#8220;1080px&#8220; custom_width_percent=&#8220;80%&#8220;][et_pb_column type=&#8220;1_4&#8243; _builder_version=&#8220;3.25&#8243; custom_padding=&#8220;|||&#8220; custom_padding__hover=&#8220;|||&#8220;][et_pb_text admin_label=&#8220;Texto&#8220; _builder_version=&#8220;3.27.4&#8243; background_size=&#8220;initial&#8220; background_position=&#8220;top_left&#8220; background_repeat=&#8220;repeat&#8220; use_border_color=&#8220;off&#8220; border_style=&#8220;solid&#8220;]<\/p>\n<h4><span style=\"color: #7a97ac;\"><strong>DESARROLLOS QU\u00cdMICOS CASTELLANOS SL.<\/strong><\/span><\/h4>\n<p>[\/et_pb_text][et_pb_image src=&#8220;https:\/\/sonec.es\/wp-content\/uploads\/2016\/06\/LOGO_FEDER_ing_COLOR.png&#8220; title_text=&#8220;LOGO_FEDER_ing_COLOR&#8220; align_tablet=&#8220;center&#8220; align_phone=&#8220;&#8220; align_last_edited=&#8220;on|desktop&#8220; admin_label=&#8220;Imagen&#8220; _builder_version=&#8220;4.6.6&#8243; max_width=&#8220;116px&#8220; animation_style=&#8220;slide&#8220; animation_direction=&#8220;left&#8220; animation_duration=&#8220;500ms&#8220; animation_intensity_slide=&#8220;10%&#8220; use_border_color=&#8220;off&#8220; border_color=&#8220;#ffffff&#8220; border_width=&#8220;1px&#8220; border_style=&#8220;solid&#8220; sticky=&#8220;off&#8220; always_center_on_mobile=&#8220;on&#8220;] [\/et_pb_image][et_pb_text admin_label=&#8220;Text&#8220; _builder_version=&#8220;4.6.6&#8243; background_size=&#8220;initial&#8220; background_position=&#8220;top_left&#8220; background_repeat=&#8220;repeat&#8220; use_border_color=&#8220;off&#8220; border_style=&#8220;solid&#8220;][\/et_pb_text][\/et_pb_column][et_pb_column type=&#8220;1_2&#8243; _builder_version=&#8220;3.25&#8243; custom_padding=&#8220;|||&#8220; custom_padding__hover=&#8220;|||&#8220;][et_pb_contact_form use_spam_service=&#8220;on&#8220; recaptcha_list=&#8220;Sonec|Sonec-0&#8243; email=&#8220;info@sonec.es&#8220; title=&#8220;Kontaktformular&#8220; success_message=&#8220;Vielen Dank f\u00fcr Ihre Kontaktaufnahme. Wir werden so schnell wie m\u00f6glich reagieren.&#8220; admin_label=&#8220;Contact Form&#8220; module_id=&#8220;et_pb_contact_form_0&#8243; _builder_version=&#8220;4.6.6&#8243; title_font=&#8220;|on|||&#8220; title_text_color=&#8220;#7a97ac&#8220; custom_button=&#8220;on&#8220; button_text_color=&#8220;#7a97ac&#8220; button_bg_color=&#8220;rgba(255,255,255,0)&#8220; button_border_color=&#8220;#7a97ac&#8220; button_border_radius=&#8220;14&#8243; button_icon=&#8220;%%20%%&#8220; button_icon_color=&#8220;#7a97ac&#8220; button_on_hover=&#8220;off&#8220; border_radii=&#8220;on|14px|14px|14px|14px&#8220; border_width_all=&#8220;2px&#8220; border_color_all=&#8220;#7a97ac&#8220; border_style_all=&#8220;solid&#8220; use_border_color=&#8220;on&#8220; border_color=&#8220;#7a97ac&#8220; border_width=&#8220;2px&#8220; border_style=&#8220;solid&#8220; input_border_radius=&#8220;14&#8243; button_text_color_hover=&#8220;#7a97ac&#8220; button_bg_color_hover=&#8220;#ffffff&#8220; button_border_color_hover=&#8220;#7a97ac&#8220; button_border_radius_hover=&#8220;14&#8243; button_letter_spacing_hover=&#8220;0&#8243;][et_pb_contact_field field_id=&#8220;Name&#8220; field_title=&#8220;Name&#8220; _builder_version=&#8220;4.6.6&#8243; border_radii=&#8220;on|0px|0px|0px|0px&#8220; input_border_radius=&#8220;0&#8243; button_text_size__hover_enabled=&#8220;off&#8220; button_one_text_size__hover_enabled=&#8220;off&#8220; button_two_text_size__hover_enabled=&#8220;off&#8220; button_text_color__hover_enabled=&#8220;off&#8220; button_one_text_color__hover_enabled=&#8220;off&#8220; button_two_text_color__hover_enabled=&#8220;off&#8220; button_border_width__hover_enabled=&#8220;off&#8220; button_one_border_width__hover_enabled=&#8220;off&#8220; button_two_border_width__hover_enabled=&#8220;off&#8220; button_border_color__hover_enabled=&#8220;off&#8220; button_one_border_color__hover_enabled=&#8220;off&#8220; button_two_border_color__hover_enabled=&#8220;off&#8220; button_border_radius__hover_enabled=&#8220;off&#8220; button_one_border_radius__hover_enabled=&#8220;off&#8220; button_two_border_radius__hover_enabled=&#8220;off&#8220; button_letter_spacing__hover_enabled=&#8220;off&#8220; button_one_letter_spacing__hover_enabled=&#8220;off&#8220; button_two_letter_spacing__hover_enabled=&#8220;off&#8220; button_bg_color__hover_enabled=&#8220;off&#8220; button_one_bg_color__hover_enabled=&#8220;off&#8220; button_two_bg_color__hover_enabled=&#8220;off&#8220;][\/et_pb_contact_field][et_pb_contact_field field_id=&#8220;Email&#8220; field_title=&#8220;Email&#8220; field_type=&#8220;email&#8220; _builder_version=&#8220;4.6.6&#8243; border_radii=&#8220;on|0px|0px|0px|0px&#8220; input_border_radius=&#8220;0&#8243; button_text_size__hover_enabled=&#8220;off&#8220; button_one_text_size__hover_enabled=&#8220;off&#8220; button_two_text_size__hover_enabled=&#8220;off&#8220; button_text_color__hover_enabled=&#8220;off&#8220; button_one_text_color__hover_enabled=&#8220;off&#8220; button_two_text_color__hover_enabled=&#8220;off&#8220; button_border_width__hover_enabled=&#8220;off&#8220; button_one_border_width__hover_enabled=&#8220;off&#8220; button_two_border_width__hover_enabled=&#8220;off&#8220; button_border_color__hover_enabled=&#8220;off&#8220; button_one_border_color__hover_enabled=&#8220;off&#8220; button_two_border_color__hover_enabled=&#8220;off&#8220; button_border_radius__hover_enabled=&#8220;off&#8220; button_one_border_radius__hover_enabled=&#8220;off&#8220; button_two_border_radius__hover_enabled=&#8220;off&#8220; button_letter_spacing__hover_enabled=&#8220;off&#8220; button_one_letter_spacing__hover_enabled=&#8220;off&#8220; button_two_letter_spacing__hover_enabled=&#8220;off&#8220; button_bg_color__hover_enabled=&#8220;off&#8220; button_one_bg_color__hover_enabled=&#8220;off&#8220; button_two_bg_color__hover_enabled=&#8220;off&#8220;][\/et_pb_contact_field][et_pb_contact_field field_id=&#8220;Message&#8220; field_title=&#8220; Botschaft&#8220; field_type=&#8220;text&#8220; _builder_version=&#8220;4.6.6&#8243; border_radii=&#8220;on|0px|0px|0px|0px&#8220; input_border_radius=&#8220;0&#8243; button_text_size__hover_enabled=&#8220;off&#8220; button_one_text_size__hover_enabled=&#8220;off&#8220; button_two_text_size__hover_enabled=&#8220;off&#8220; button_text_color__hover_enabled=&#8220;off&#8220; button_one_text_color__hover_enabled=&#8220;off&#8220; button_two_text_color__hover_enabled=&#8220;off&#8220; button_border_width__hover_enabled=&#8220;off&#8220; button_one_border_width__hover_enabled=&#8220;off&#8220; button_two_border_width__hover_enabled=&#8220;off&#8220; button_border_color__hover_enabled=&#8220;off&#8220; button_one_border_color__hover_enabled=&#8220;off&#8220; button_two_border_color__hover_enabled=&#8220;off&#8220; button_border_radius__hover_enabled=&#8220;off&#8220; button_one_border_radius__hover_enabled=&#8220;off&#8220; button_two_border_radius__hover_enabled=&#8220;off&#8220; button_letter_spacing__hover_enabled=&#8220;off&#8220; button_one_letter_spacing__hover_enabled=&#8220;off&#8220; button_two_letter_spacing__hover_enabled=&#8220;off&#8220; button_bg_color__hover_enabled=&#8220;off&#8220; button_one_bg_color__hover_enabled=&#8220;off&#8220; button_two_bg_color__hover_enabled=&#8220;off&#8220;][\/et_pb_contact_field][et_pb_contact_field field_id=&#8220;Field_4&#8243; field_title=&#8220;Datenschutzrichtlinie&#8220; field_type=&#8220;checkbox&#8220; checkbox_options=&#8220;%91{%22value%22:%22Ich habe die Datenschutzbedingungen gelesen und akzeptiere sie.%22,%22checked%22:0,%22dragID%22:-1,%22link_url%22:%22https:\/\/www.sonec.es\/politica-de-proteccion-de-datos-de-contacto\/%22}%93&#8243; fullwidth_field=&#8220;on&#8220; _builder_version=&#8220;4.6.6&#8243; _module_preset=&#8220;default&#8220;][\/et_pb_contact_field][\/et_pb_contact_form][\/et_pb_column][et_pb_column type=&#8220;1_4&#8243; _builder_version=&#8220;3.25&#8243; custom_padding=&#8220;|||&#8220; custom_padding__hover=&#8220;|||&#8220;][et_pb_text admin_label=&#8220;Text&#8220; _builder_version=&#8220;4.6.6&#8243; background_size=&#8220;initial&#8220; background_position=&#8220;top_left&#8220; background_repeat=&#8220;repeat&#8220; use_border_color=&#8220;off&#8220; border_style=&#8220;solid&#8220;]<\/p>\n<h3 style=\"text-align: left;\"><span style=\"color: #7a97ac;\"><strong>M<span id=\"result_box\" class=\"short_text\" lang=\"de\">ehr Informationen<\/span><\/strong><\/span><\/h3>\n<p style=\"text-align: left;\"><span style=\"color: #ffffff;\"><span id=\"result_box\" class=\"\" lang=\"de\">F\u00fcr weitere Informationen kontaktieren Sie bitte \u00fcber unser Formular oder direkt an unsere Kontaktdaten. Wir werden so schnell wie m\u00f6glich antworten.<\/span><\/span><\/p>\n<p style=\"text-align: left;\"><span style=\"color: #ffffff;\">C\/ Curtidores N\u00ba 4.<\/span><br \/>\n<span style=\"color: #ffffff;\"> Pol\u00edgono Industrial San Cosme II.<\/span><br \/>\n<span style=\"color: #ffffff;\"> 47620. Villanubla. Valladolid. Espa\u00f1a<\/span>.<\/p>\n<p><a href=\"callto:902 99 50 95\"><span id=\"et-info-phone\">902 99 50 95<\/span><\/a><\/p>\n<p><span style=\"color: #e78325;\"><strong>\u00a0<a href=\"mailto:info@sonec.es\"><span id=\"et-info-email\">info@sonec.es<\/span><\/a><\/strong><\/span>[\/et_pb_text][\/et_pb_column][\/et_pb_row][\/et_pb_section]<\/p>\n","protected":false},"excerpt":{"rendered":"<p>KONTAKT DESARROLLOS QU\u00cdMICOS CASTELLANOS SL. Mehr Informationen F\u00fcr weitere Informationen kontaktieren Sie bitte \u00fcber unser Formular oder direkt an unsere Kontaktdaten. Wir werden so schnell wie m\u00f6glich antworten. C\/ Curtidores N\u00ba 4. Pol\u00edgono Industrial San Cosme II. 47620. Villanubla. Valladolid. Espa\u00f1a. 902 99 50 95 \u00a0info@sonec.es<\/p>\n","protected":false},"author":2,"featured_media":0,"parent":0,"menu_order":0,"comment_status":"closed","ping_status":"closed","template":"","meta":{"_et_pb_use_builder":"on","_et_pb_old_content":"","_et_gb_content_width":"","footnotes":""},"class_list":["post-568","page","type-page","status-publish","hentry"],"yoast_head":"<!-- This site is optimized with the Yoast SEO plugin v26.7 - https:\/\/yoast.com\/wordpress\/plugins\/seo\/ -->\n<title>Kontakt - sonec<\/title>\n<meta name=\"robots\" content=\"index, follow, max-snippet:-1, max-image-preview:large, max-video-preview:-1\" \/>\n<link rel=\"canonical\" href=\"https:\/\/prueba.sonec.es\/contacto\/\" \/>\n<meta property=\"og:locale\" content=\"de_DE\" \/>\n<meta property=\"og:type\" content=\"article\" \/>\n<meta property=\"og:title\" content=\"Kontakt - sonec\" \/>\n<meta property=\"og:description\" content=\"KONTAKT DESARROLLOS QU\u00cdMICOS CASTELLANOS SL. Mehr Informationen F\u00fcr weitere Informationen kontaktieren Sie bitte \u00fcber unser Formular oder direkt an unsere Kontaktdaten. Wir werden so schnell wie m\u00f6glich antworten. C\/ Curtidores N\u00ba 4. Pol\u00edgono Industrial San Cosme II. 47620. Villanubla. Valladolid. Espa\u00f1a. 902 99 50 95 \u00a0info@sonec.es\" \/>\n<meta property=\"og:url\" content=\"https:\/\/prueba.sonec.es\/contacto\/\" \/>\n<meta property=\"og:site_name\" content=\"sonec\" \/>\n<meta property=\"article:modified_time\" content=\"2020-11-11T17:15:20+00:00\" \/>\n<meta name=\"twitter:card\" content=\"summary_large_image\" \/>\n<meta name=\"twitter:label1\" content=\"Gesch\u00e4tzte Lesezeit\" \/>\n\t<meta name=\"twitter:data1\" content=\"6\u00a0Minuten\" \/>\n<script type=\"application\/ld+json\" class=\"yoast-schema-graph\">{\"@context\":\"https:\/\/schema.org\",\"@graph\":[{\"@type\":\"WebPage\",\"@id\":\"https:\/\/prueba.sonec.es\/contacto\/\",\"url\":\"https:\/\/prueba.sonec.es\/contacto\/\",\"name\":\"Kontakt - sonec\",\"isPartOf\":{\"@id\":\"https:\/\/sonec.es\/#website\"},\"datePublished\":\"2016-09-22T17:45:17+00:00\",\"dateModified\":\"2020-11-11T17:15:20+00:00\",\"inLanguage\":\"de\",\"potentialAction\":[{\"@type\":\"ReadAction\",\"target\":[\"https:\/\/prueba.sonec.es\/contacto\/\"]}]},{\"@type\":\"WebSite\",\"@id\":\"https:\/\/sonec.es\/#website\",\"url\":\"https:\/\/sonec.es\/\",\"name\":\"sonec\",\"description\":\"Sonec web\",\"potentialAction\":[{\"@type\":\"SearchAction\",\"target\":{\"@type\":\"EntryPoint\",\"urlTemplate\":\"https:\/\/sonec.es\/?s={search_term_string}\"},\"query-input\":{\"@type\":\"PropertyValueSpecification\",\"valueRequired\":true,\"valueName\":\"search_term_string\"}}],\"inLanguage\":\"de\"}]}<\/script>\n<!-- \/ Yoast SEO plugin. -->","yoast_head_json":{"title":"Kontakt - sonec","robots":{"index":"index","follow":"follow","max-snippet":"max-snippet:-1","max-image-preview":"max-image-preview:large","max-video-preview":"max-video-preview:-1"},"canonical":"https:\/\/prueba.sonec.es\/contacto\/","og_locale":"de_DE","og_type":"article","og_title":"Kontakt - sonec","og_description":"KONTAKT DESARROLLOS QU\u00cdMICOS CASTELLANOS SL. Mehr Informationen F\u00fcr weitere Informationen kontaktieren Sie bitte \u00fcber unser Formular oder direkt an unsere Kontaktdaten. Wir werden so schnell wie m\u00f6glich antworten. C\/ Curtidores N\u00ba 4. Pol\u00edgono Industrial San Cosme II. 47620. Villanubla. Valladolid. Espa\u00f1a. 902 99 50 95 \u00a0info@sonec.es","og_url":"https:\/\/prueba.sonec.es\/contacto\/","og_site_name":"sonec","article_modified_time":"2020-11-11T17:15:20+00:00","twitter_card":"summary_large_image","twitter_misc":{"Gesch\u00e4tzte Lesezeit":"6\u00a0Minuten"},"schema":{"@context":"https:\/\/schema.org","@graph":[{"@type":"WebPage","@id":"https:\/\/prueba.sonec.es\/contacto\/","url":"https:\/\/prueba.sonec.es\/contacto\/","name":"Kontakt - sonec","isPartOf":{"@id":"https:\/\/sonec.es\/#website"},"datePublished":"2016-09-22T17:45:17+00:00","dateModified":"2020-11-11T17:15:20+00:00","inLanguage":"de","potentialAction":[{"@type":"ReadAction","target":["https:\/\/prueba.sonec.es\/contacto\/"]}]},{"@type":"WebSite","@id":"https:\/\/sonec.es\/#website","url":"https:\/\/sonec.es\/","name":"sonec","description":"Sonec web","potentialAction":[{"@type":"SearchAction","target":{"@type":"EntryPoint","urlTemplate":"https:\/\/sonec.es\/?s={search_term_string}"},"query-input":{"@type":"PropertyValueSpecification","valueRequired":true,"valueName":"search_term_string"}}],"inLanguage":"de"}]}},"_links":{"self":[{"href":"https:\/\/sonec.es\/de\/wp-json\/wp\/v2\/pages\/568","targetHints":{"allow":["GET"]}}],"collection":[{"href":"https:\/\/sonec.es\/de\/wp-json\/wp\/v2\/pages"}],"about":[{"href":"https:\/\/sonec.es\/de\/wp-json\/wp\/v2\/types\/page"}],"author":[{"embeddable":true,"href":"https:\/\/sonec.es\/de\/wp-json\/wp\/v2\/users\/2"}],"replies":[{"embeddable":true,"href":"https:\/\/sonec.es\/de\/wp-json\/wp\/v2\/comments?post=568"}],"version-history":[{"count":7,"href":"https:\/\/sonec.es\/de\/wp-json\/wp\/v2\/pages\/568\/revisions"}],"predecessor-version":[{"id":2657,"href":"https:\/\/sonec.es\/de\/wp-json\/wp\/v2\/pages\/568\/revisions\/2657"}],"wp:attachment":[{"href":"https:\/\/sonec.es\/de\/wp-json\/wp\/v2\/media?parent=568"}],"curies":[{"name":"wp","href":"https:\/\/api.w.org\/{rel}","templated":true}]}}