{"id":548,"date":"2016-09-22T17:10:41","date_gmt":"2016-09-22T17:10:41","guid":{"rendered":"http:\/\/sonec.es\/de\/?page_id=548"},"modified":"2020-11-11T16:36:30","modified_gmt":"2020-11-11T16:36:30","slug":"uber-uns","status":"publish","type":"page","link":"https:\/\/sonec.es\/de\/uber-uns\/","title":{"rendered":"\u00dcber Uns"},"content":{"rendered":"<p>[et_pb_section fb_built=&#8220;1&#8243; custom_padding_last_edited=&#8220;on|desktop&#8220; admin_label=&#8220;Secci\u00f3n&#8220; _builder_version=&#8220;3.22&#8243; background_color=&#8220;#7a97ac&#8220; custom_padding_tablet=&#8220;50px|0|50px|0&#8243; custom_padding_phone=&#8220;&#8220; transparent_background=&#8220;off&#8220; padding_mobile=&#8220;off&#8220; make_fullwidth=&#8220;off&#8220; use_custom_width=&#8220;off&#8220; width_unit=&#8220;on&#8220;][et_pb_row padding_mobile=&#8220;off&#8220; column_padding_mobile=&#8220;on&#8220; admin_label=&#8220;Fila&#8220; _builder_version=&#8220;3.25&#8243; background_size=&#8220;initial&#8220; background_position=&#8220;top_left&#8220; background_repeat=&#8220;repeat&#8220; make_fullwidth=&#8220;off&#8220; use_custom_width=&#8220;off&#8220; width_unit=&#8220;on&#8220;][et_pb_column type=&#8220;4_4&#8243; _builder_version=&#8220;3.25&#8243; custom_padding=&#8220;|||&#8220; custom_padding__hover=&#8220;|||&#8220;][et_pb_text admin_label=&#8220;Texto&#8220; _builder_version=&#8220;3.27.4&#8243; background_size=&#8220;initial&#8220; background_position=&#8220;top_left&#8220; background_repeat=&#8220;repeat&#8220; use_border_color=&#8220;off&#8220; border_color=&#8220;#ffffff&#8220; border_style=&#8220;solid&#8220;]<\/p>\n<h2 style=\"text-align: center;\"><span style=\"color: #ffffff;\"><strong>\u00dcBER UNS<br \/>\n<\/strong><\/span><\/h2>\n<p>[\/et_pb_text][\/et_pb_column][\/et_pb_row][\/et_pb_section][et_pb_section fb_built=&#8220;1&#8243; admin_label=&#8220;section&#8220; _builder_version=&#8220;3.22&#8243;][et_pb_row column_structure=&#8220;2_3,1_3&#8243; admin_label=&#8220;row&#8220; _builder_version=&#8220;3.25&#8243; background_size=&#8220;initial&#8220; background_position=&#8220;top_left&#8220; background_repeat=&#8220;repeat&#8220;][et_pb_column type=&#8220;2_3&#8243; _builder_version=&#8220;3.25&#8243; custom_padding=&#8220;|||&#8220; custom_padding__hover=&#8220;|||&#8220;][et_pb_text admin_label=&#8220;Texto&#8220; _builder_version=&#8220;3.27.4&#8243; background_size=&#8220;initial&#8220; background_position=&#8220;top_left&#8220; background_repeat=&#8220;repeat&#8220; text_orientation=&#8220;center&#8220; module_alignment=&#8220;center&#8220; use_border_color=&#8220;off&#8220; border_color=&#8220;#ffffff&#8220; border_style=&#8220;solid&#8220;]<\/p>\n<h2 style=\"text-align: left;\"><strong>DQC, maximale Zuverl\u00e4ssigkeit im Dienste des Kunden<\/strong><\/h2>\n<p style=\"text-align: left;\">Seit \u00fcber zehn Jahren entwickelt, fabrizert und verkauft \u00a0<strong>DQC<\/strong> die neuesten Technologien im Feld der chemischen Produkte f\u00fcr den Bau. Das wichtigste Ziel von <strong>DQC<\/strong> ist seit seiner Firmengr\u00fcndung 1998 die kontinuierliche Verbesserung aller seiner Prozesse, weswegen alle Ressourcen im Dienst eines Produkts h\u00f6chster Qualit\u00e4t und Rentabilit\u00e4t f\u00fcr den Kunden stehen.<\/p>\n<p style=\"text-align: left;\"><strong>DQC\u00a0<\/strong>ist eine gr\u00fcndliche, dynamische und in Expansion befindliche Firma, beruhend auf der Einheit einer Gruppe von Fachkr\u00e4ften mit einer breiten Erfahrung auf dem Sektor der chemischen Produkte f\u00fcr den Bau und der Acryl-Elastomere. Unser Ziel ist es, Produkte mit h\u00f6chtm\u00f6glicher Qualit\u00e4t und Anwendungseigenschaften zu erzielen, gleichzeitig eine tiefe Kenntnis des Markts mit seinen Problemen und L\u00f6sungen. So sichern wir uns das dauerhafte Vertrauen und die Zufriedenheit unserer Kunden.<\/p>\n<p style=\"text-align: left;\">Wir verf\u00fcgen \u00fcber ein breites Vertriebsnetz auf dem gesamten Landesgebiet, mit verschiedenen Zweigstellen, die eine pers\u00f6nliche und sofortige Betreuung bieten. Unsere Firmenpolitik sucht die perfekte Kombination zwischen Qualit\u00e4t beim Produkt und Umweltschutz auf einzigartige Weise, ebenso die Umsetzung des technischen Baukodex: <strong>CTE\u00a0DB-HE y CTE DB-HR.<\/strong><\/p>\n<p>[\/et_pb_text][et_pb_image src=&#8220;https:\/\/sonec.es\/wp-content\/uploads\/2016\/06\/20130730170407_837yy471.png&#8220; show_bottom_space=&#8220;off&#8220; align=&#8220;center&#8220; align_tablet=&#8220;center&#8220; align_phone=&#8220;&#8220; align_last_edited=&#8220;on|desktop&#8220; admin_label=&#8220;Imagen&#8220; _builder_version=&#8220;3.23&#8243; use_border_color=&#8220;off&#8220; border_color=&#8220;#ffffff&#8220; border_style=&#8220;solid&#8220; animation=&#8220;off&#8220; sticky=&#8220;on&#8220; always_center_on_mobile=&#8220;on&#8220;] [\/et_pb_image][\/et_pb_column][et_pb_column type=&#8220;1_3&#8243; _builder_version=&#8220;3.25&#8243; custom_padding=&#8220;|||&#8220; custom_padding__hover=&#8220;|||&#8220;][et_pb_image src=&#8220;https:\/\/sonec.es\/wp-content\/uploads\/2016\/06\/edificio-membrana-acustica-310&#215;620.jpg&#8220; align_tablet=&#8220;center&#8220; align_phone=&#8220;&#8220; align_last_edited=&#8220;on|desktop&#8220; admin_label=&#8220;Imagen&#8220; _builder_version=&#8220;3.23&#8243; animation_style=&#8220;slide&#8220; animation_direction=&#8220;left&#8220; animation_duration=&#8220;500ms&#8220; animation_intensity_slide=&#8220;10%&#8220; use_border_color=&#8220;off&#8220; border_color=&#8220;#ffffff&#8220; border_style=&#8220;solid&#8220; animation=&#8220;left&#8220; sticky=&#8220;off&#8220; always_center_on_mobile=&#8220;on&#8220;] [\/et_pb_image][\/et_pb_column][\/et_pb_row][\/et_pb_section][et_pb_section fb_built=&#8220;1&#8243; custom_padding_last_edited=&#8220;on|desktop&#8220; admin_label=&#8220;Secci\u00f3n&#8220; _builder_version=&#8220;3.22&#8243; background_color=&#8220;#7a97ac&#8220; custom_padding_tablet=&#8220;50px|0|50px|0&#8243; custom_padding_phone=&#8220;&#8220; transparent_background=&#8220;off&#8220; padding_mobile=&#8220;off&#8220; make_fullwidth=&#8220;off&#8220; use_custom_width=&#8220;off&#8220; width_unit=&#8220;on&#8220;][et_pb_row admin_label=&#8220;Fila&#8220; _builder_version=&#8220;3.25&#8243; background_size=&#8220;initial&#8220; background_position=&#8220;top_left&#8220; background_repeat=&#8220;repeat&#8220;][et_pb_column type=&#8220;4_4&#8243; _builder_version=&#8220;3.25&#8243; custom_padding=&#8220;|||&#8220; custom_padding__hover=&#8220;|||&#8220;][et_pb_cta title=&#8220;Haben Sie Fragen?&#8220; button_url=&#8220;https:\/\/sonec.es\/de\/kontakt\/&#8220; button_text=&#8220;Fordern Sie eine unverbindliche Demonstration an!&#8220; admin_label=&#8220;Llamada a la acci\u00f3n&#8220; _builder_version=&#8220;3.16&#8243; header_font=&#8220;|on|||&#8220; header_font_size=&#8220;40&#8243; header_letter_spacing=&#8220;1px&#8220; background_size=&#8220;initial&#8220; background_position=&#8220;top_left&#8220; background_repeat=&#8220;repeat&#8220; custom_button=&#8220;on&#8220; button_icon=&#8220;%%20%%&#8220; border_width_all=&#8220;5px&#8220; border_color_all=&#8220;#ffffff&#8220; border_style_all=&#8220;outset&#8220; use_border_color=&#8220;on&#8220; border_color=&#8220;#ffffff&#8220; border_width=&#8220;5px&#8220; border_style=&#8220;outset&#8220; button_letter_spacing_hover=&#8220;0&#8243; button_text_size__hover_enabled=&#8220;off&#8220; button_one_text_size__hover_enabled=&#8220;off&#8220; button_two_text_size__hover_enabled=&#8220;off&#8220; button_text_color__hover_enabled=&#8220;off&#8220; button_one_text_color__hover_enabled=&#8220;off&#8220; button_two_text_color__hover_enabled=&#8220;off&#8220; button_border_width__hover_enabled=&#8220;off&#8220; button_one_border_width__hover_enabled=&#8220;off&#8220; button_two_border_width__hover_enabled=&#8220;off&#8220; button_border_color__hover_enabled=&#8220;off&#8220; button_one_border_color__hover_enabled=&#8220;off&#8220; button_two_border_color__hover_enabled=&#8220;off&#8220; button_border_radius__hover_enabled=&#8220;off&#8220; button_one_border_radius__hover_enabled=&#8220;off&#8220; button_two_border_radius__hover_enabled=&#8220;off&#8220; button_letter_spacing__hover_enabled=&#8220;on&#8220; button_letter_spacing__hover=&#8220;0&#8243; button_one_letter_spacing__hover_enabled=&#8220;off&#8220; button_two_letter_spacing__hover_enabled=&#8220;off&#8220; button_bg_color__hover_enabled=&#8220;off&#8220; button_one_bg_color__hover_enabled=&#8220;off&#8220; button_two_bg_color__hover_enabled=&#8220;off&#8220;] [\/et_pb_cta][\/et_pb_column][\/et_pb_row][\/et_pb_section][et_pb_section fb_built=&#8220;1&#8243; custom_padding_last_edited=&#8220;on|desktop&#8220; admin_label=&#8220;section&#8220; _builder_version=&#8220;3.22&#8243; background_color=&#8220;rgba(22,22,22,0.86)&#8220; custom_padding_tablet=&#8220;50px|0|50px|0&#8243; custom_padding_phone=&#8220;&#8220; transparent_background=&#8220;off&#8220; padding_mobile=&#8220;off&#8220; make_fullwidth=&#8220;off&#8220; use_custom_width=&#8220;off&#8220; width_unit=&#8220;on&#8220; custom_width_px=&#8220;1080px&#8220; custom_width_percent=&#8220;80%&#8220;][et_pb_row column_structure=&#8220;1_4,1_2,1_4&#8243; padding_mobile=&#8220;off&#8220; column_padding_mobile=&#8220;on&#8220; admin_label=&#8220;row&#8220; _builder_version=&#8220;3.25&#8243; background_size=&#8220;initial&#8220; background_position=&#8220;top_left&#8220; background_repeat=&#8220;repeat&#8220; custom_padding=&#8220;25.25px|0px|29px|0px&#8220; make_fullwidth=&#8220;off&#8220; use_custom_width=&#8220;off&#8220; width_unit=&#8220;off&#8220; custom_width_px=&#8220;1080px&#8220; custom_width_percent=&#8220;80%&#8220;][et_pb_column type=&#8220;1_4&#8243; _builder_version=&#8220;3.25&#8243; custom_padding=&#8220;|||&#8220; custom_padding__hover=&#8220;|||&#8220;][et_pb_text admin_label=&#8220;Texto&#8220; _builder_version=&#8220;3.27.4&#8243; background_size=&#8220;initial&#8220; background_position=&#8220;top_left&#8220; background_repeat=&#8220;repeat&#8220; use_border_color=&#8220;off&#8220; border_style=&#8220;solid&#8220;]<\/p>\n<h4><span style=\"color: #7a97ac;\"><strong>DESARROLLOS QU\u00cdMICOS CASTELLANOS SL.<\/strong><\/span><\/h4>\n<p>[\/et_pb_text][et_pb_image src=&#8220;https:\/\/sonec.es\/wp-content\/uploads\/2016\/06\/LOGO_FEDER_ing_COLOR.png&#8220; title_text=&#8220;LOGO_FEDER_ing_COLOR&#8220; align_tablet=&#8220;center&#8220; align_phone=&#8220;&#8220; align_last_edited=&#8220;on|desktop&#8220; admin_label=&#8220;Imagen&#8220; _builder_version=&#8220;4.6.6&#8243; max_width=&#8220;116px&#8220; animation_style=&#8220;slide&#8220; animation_direction=&#8220;left&#8220; animation_duration=&#8220;500ms&#8220; animation_intensity_slide=&#8220;10%&#8220; use_border_color=&#8220;off&#8220; border_color=&#8220;#ffffff&#8220; border_width=&#8220;1px&#8220; border_style=&#8220;solid&#8220; sticky=&#8220;off&#8220; always_center_on_mobile=&#8220;on&#8220;] [\/et_pb_image][et_pb_text admin_label=&#8220;Text&#8220; _builder_version=&#8220;4.6.6&#8243; background_size=&#8220;initial&#8220; background_position=&#8220;top_left&#8220; background_repeat=&#8220;repeat&#8220; use_border_color=&#8220;off&#8220; border_style=&#8220;solid&#8220;][\/et_pb_text][\/et_pb_column][et_pb_column type=&#8220;1_2&#8243; _builder_version=&#8220;3.25&#8243; custom_padding=&#8220;|||&#8220; custom_padding__hover=&#8220;|||&#8220;][et_pb_contact_form use_spam_service=&#8220;on&#8220; recaptcha_list=&#8220;Sonec|Sonec-0&#8243; email=&#8220;info@sonec.es&#8220; title=&#8220;Kontaktformular&#8220; success_message=&#8220;Vielen Dank f\u00fcr Ihre Kontaktaufnahme. Wir werden so schnell wie m\u00f6glich reagieren.&#8220; admin_label=&#8220;Contact Form&#8220; module_id=&#8220;et_pb_contact_form_0&#8243; _builder_version=&#8220;4.6.6&#8243; title_font=&#8220;|on|||&#8220; title_text_color=&#8220;#7a97ac&#8220; custom_button=&#8220;on&#8220; button_text_color=&#8220;#7a97ac&#8220; button_bg_color=&#8220;rgba(255,255,255,0)&#8220; button_border_color=&#8220;#7a97ac&#8220; button_border_radius=&#8220;14&#8243; button_icon=&#8220;%%20%%&#8220; button_icon_color=&#8220;#7a97ac&#8220; button_on_hover=&#8220;off&#8220; border_radii=&#8220;on|14px|14px|14px|14px&#8220; border_width_all=&#8220;2px&#8220; border_color_all=&#8220;#7a97ac&#8220; border_style_all=&#8220;solid&#8220; use_border_color=&#8220;on&#8220; border_color=&#8220;#7a97ac&#8220; border_width=&#8220;2px&#8220; border_style=&#8220;solid&#8220; input_border_radius=&#8220;14&#8243; button_text_color_hover=&#8220;#7a97ac&#8220; button_bg_color_hover=&#8220;#ffffff&#8220; button_border_color_hover=&#8220;#7a97ac&#8220; button_border_radius_hover=&#8220;14&#8243; button_letter_spacing_hover=&#8220;0&#8243;][et_pb_contact_field field_id=&#8220;Name&#8220; field_title=&#8220;Name&#8220; _builder_version=&#8220;4.6.6&#8243; border_radii=&#8220;on|0px|0px|0px|0px&#8220; input_border_radius=&#8220;0&#8243; button_text_size__hover_enabled=&#8220;off&#8220; button_one_text_size__hover_enabled=&#8220;off&#8220; button_two_text_size__hover_enabled=&#8220;off&#8220; button_text_color__hover_enabled=&#8220;off&#8220; button_one_text_color__hover_enabled=&#8220;off&#8220; button_two_text_color__hover_enabled=&#8220;off&#8220; button_border_width__hover_enabled=&#8220;off&#8220; button_one_border_width__hover_enabled=&#8220;off&#8220; button_two_border_width__hover_enabled=&#8220;off&#8220; button_border_color__hover_enabled=&#8220;off&#8220; button_one_border_color__hover_enabled=&#8220;off&#8220; button_two_border_color__hover_enabled=&#8220;off&#8220; button_border_radius__hover_enabled=&#8220;off&#8220; button_one_border_radius__hover_enabled=&#8220;off&#8220; button_two_border_radius__hover_enabled=&#8220;off&#8220; button_letter_spacing__hover_enabled=&#8220;off&#8220; button_one_letter_spacing__hover_enabled=&#8220;off&#8220; button_two_letter_spacing__hover_enabled=&#8220;off&#8220; button_bg_color__hover_enabled=&#8220;off&#8220; button_one_bg_color__hover_enabled=&#8220;off&#8220; button_two_bg_color__hover_enabled=&#8220;off&#8220;][\/et_pb_contact_field][et_pb_contact_field field_id=&#8220;Email&#8220; field_title=&#8220;Email&#8220; field_type=&#8220;email&#8220; _builder_version=&#8220;4.6.6&#8243; border_radii=&#8220;on|0px|0px|0px|0px&#8220; input_border_radius=&#8220;0&#8243; button_text_size__hover_enabled=&#8220;off&#8220; button_one_text_size__hover_enabled=&#8220;off&#8220; button_two_text_size__hover_enabled=&#8220;off&#8220; button_text_color__hover_enabled=&#8220;off&#8220; button_one_text_color__hover_enabled=&#8220;off&#8220; button_two_text_color__hover_enabled=&#8220;off&#8220; button_border_width__hover_enabled=&#8220;off&#8220; button_one_border_width__hover_enabled=&#8220;off&#8220; button_two_border_width__hover_enabled=&#8220;off&#8220; button_border_color__hover_enabled=&#8220;off&#8220; button_one_border_color__hover_enabled=&#8220;off&#8220; button_two_border_color__hover_enabled=&#8220;off&#8220; button_border_radius__hover_enabled=&#8220;off&#8220; button_one_border_radius__hover_enabled=&#8220;off&#8220; button_two_border_radius__hover_enabled=&#8220;off&#8220; button_letter_spacing__hover_enabled=&#8220;off&#8220; button_one_letter_spacing__hover_enabled=&#8220;off&#8220; button_two_letter_spacing__hover_enabled=&#8220;off&#8220; button_bg_color__hover_enabled=&#8220;off&#8220; button_one_bg_color__hover_enabled=&#8220;off&#8220; button_two_bg_color__hover_enabled=&#8220;off&#8220;][\/et_pb_contact_field][et_pb_contact_field field_id=&#8220;Message&#8220; field_title=&#8220; Botschaft&#8220; field_type=&#8220;text&#8220; _builder_version=&#8220;4.6.6&#8243; border_radii=&#8220;on|0px|0px|0px|0px&#8220; input_border_radius=&#8220;0&#8243; button_text_size__hover_enabled=&#8220;off&#8220; button_one_text_size__hover_enabled=&#8220;off&#8220; button_two_text_size__hover_enabled=&#8220;off&#8220; button_text_color__hover_enabled=&#8220;off&#8220; button_one_text_color__hover_enabled=&#8220;off&#8220; button_two_text_color__hover_enabled=&#8220;off&#8220; button_border_width__hover_enabled=&#8220;off&#8220; button_one_border_width__hover_enabled=&#8220;off&#8220; button_two_border_width__hover_enabled=&#8220;off&#8220; button_border_color__hover_enabled=&#8220;off&#8220; button_one_border_color__hover_enabled=&#8220;off&#8220; button_two_border_color__hover_enabled=&#8220;off&#8220; button_border_radius__hover_enabled=&#8220;off&#8220; button_one_border_radius__hover_enabled=&#8220;off&#8220; button_two_border_radius__hover_enabled=&#8220;off&#8220; button_letter_spacing__hover_enabled=&#8220;off&#8220; button_one_letter_spacing__hover_enabled=&#8220;off&#8220; button_two_letter_spacing__hover_enabled=&#8220;off&#8220; button_bg_color__hover_enabled=&#8220;off&#8220; button_one_bg_color__hover_enabled=&#8220;off&#8220; button_two_bg_color__hover_enabled=&#8220;off&#8220;][\/et_pb_contact_field][et_pb_contact_field field_id=&#8220;Field_4&#8243; field_title=&#8220;Datenschutzrichtlinie&#8220; field_type=&#8220;checkbox&#8220; checkbox_options=&#8220;%91{%22value%22:%22Ich habe die Datenschutzbedingungen gelesen und akzeptiere sie.%22,%22checked%22:0,%22dragID%22:-1,%22link_url%22:%22https:\/\/www.sonec.es\/politica-de-proteccion-de-datos-de-contacto\/%22}%93&#8243; fullwidth_field=&#8220;on&#8220; _builder_version=&#8220;4.6.6&#8243; _module_preset=&#8220;default&#8220;][\/et_pb_contact_field][\/et_pb_contact_form][\/et_pb_column][et_pb_column type=&#8220;1_4&#8243; _builder_version=&#8220;3.25&#8243; custom_padding=&#8220;|||&#8220; custom_padding__hover=&#8220;|||&#8220;][et_pb_text admin_label=&#8220;Text&#8220; _builder_version=&#8220;4.6.6&#8243; background_size=&#8220;initial&#8220; background_position=&#8220;top_left&#8220; background_repeat=&#8220;repeat&#8220; use_border_color=&#8220;off&#8220; border_style=&#8220;solid&#8220;]<\/p>\n<h3 style=\"text-align: left;\"><span style=\"color: #7a97ac;\"><strong>M<span id=\"result_box\" class=\"short_text\" lang=\"de\">ehr Informationen<\/span><\/strong><\/span><\/h3>\n<p style=\"text-align: left;\"><span style=\"color: #ffffff;\"><span id=\"result_box\" class=\"\" lang=\"de\">F\u00fcr weitere Informationen kontaktieren Sie bitte \u00fcber unser Formular oder direkt an unsere Kontaktdaten. Wir werden so schnell wie m\u00f6glich antworten.<\/span><\/span><\/p>\n<p style=\"text-align: left;\"><span style=\"color: #ffffff;\">C\/ Curtidores N\u00ba 4.<\/span><br \/>\n<span style=\"color: #ffffff;\"> Pol\u00edgono Industrial San Cosme II.<\/span><br \/>\n<span style=\"color: #ffffff;\"> 47620. Villanubla. Valladolid. Espa\u00f1a<\/span>.<\/p>\n<p><a href=\"callto:902 99 50 95\"><span id=\"et-info-phone\">902 99 50 95<\/span><\/a><\/p>\n<p><span style=\"color: #e78325;\"><strong>\u00a0<a href=\"mailto:info@sonec.es\"><span id=\"et-info-email\">info@sonec.es<\/span><\/a><\/strong><\/span>[\/et_pb_text][\/et_pb_column][\/et_pb_row][\/et_pb_section]<\/p>\n","protected":false},"excerpt":{"rendered":"<p>\u00dcBER UNS DQC, maximale Zuverl\u00e4ssigkeit im Dienste des Kunden Seit \u00fcber zehn Jahren entwickelt, fabrizert und verkauft \u00a0DQC die neuesten Technologien im Feld der chemischen Produkte f\u00fcr den Bau. Das wichtigste Ziel von DQC ist seit seiner Firmengr\u00fcndung 1998 die kontinuierliche Verbesserung aller seiner Prozesse, weswegen alle Ressourcen im Dienst eines Produkts h\u00f6chster Qualit\u00e4t und [&hellip;]<\/p>\n","protected":false},"author":2,"featured_media":0,"parent":0,"menu_order":0,"comment_status":"closed","ping_status":"closed","template":"","meta":{"_et_pb_use_builder":"on","_et_pb_old_content":"","_et_gb_content_width":"","footnotes":""},"class_list":["post-548","page","type-page","status-publish","hentry"],"yoast_head":"<!-- This site is optimized with the Yoast SEO plugin v26.7 - https:\/\/yoast.com\/wordpress\/plugins\/seo\/ -->\n<title>\u00dcber Uns - sonec<\/title>\n<meta name=\"robots\" content=\"index, follow, max-snippet:-1, max-image-preview:large, max-video-preview:-1\" \/>\n<link rel=\"canonical\" href=\"https:\/\/prueba.sonec.es\/sobre-nosotros\/\" \/>\n<meta property=\"og:locale\" content=\"de_DE\" \/>\n<meta property=\"og:type\" content=\"article\" \/>\n<meta property=\"og:title\" content=\"\u00dcber Uns - sonec\" \/>\n<meta property=\"og:description\" content=\"\u00dcBER UNS DQC, maximale Zuverl\u00e4ssigkeit im Dienste des Kunden Seit \u00fcber zehn Jahren entwickelt, fabrizert und verkauft \u00a0DQC die neuesten Technologien im Feld der chemischen Produkte f\u00fcr den Bau. Das wichtigste Ziel von DQC ist seit seiner Firmengr\u00fcndung 1998 die kontinuierliche Verbesserung aller seiner Prozesse, weswegen alle Ressourcen im Dienst eines Produkts h\u00f6chster Qualit\u00e4t und [&hellip;]\" \/>\n<meta property=\"og:url\" content=\"https:\/\/prueba.sonec.es\/sobre-nosotros\/\" \/>\n<meta property=\"og:site_name\" content=\"sonec\" \/>\n<meta property=\"article:modified_time\" content=\"2020-11-11T16:36:30+00:00\" \/>\n<meta name=\"twitter:card\" content=\"summary_large_image\" \/>\n<meta name=\"twitter:label1\" content=\"Gesch\u00e4tzte Lesezeit\" \/>\n\t<meta name=\"twitter:data1\" content=\"10\u00a0Minuten\" \/>\n<script type=\"application\/ld+json\" class=\"yoast-schema-graph\">{\"@context\":\"https:\/\/schema.org\",\"@graph\":[{\"@type\":\"WebPage\",\"@id\":\"https:\/\/prueba.sonec.es\/sobre-nosotros\/\",\"url\":\"https:\/\/prueba.sonec.es\/sobre-nosotros\/\",\"name\":\"\u00dcber Uns - sonec\",\"isPartOf\":{\"@id\":\"https:\/\/sonec.es\/#website\"},\"datePublished\":\"2016-09-22T17:10:41+00:00\",\"dateModified\":\"2020-11-11T16:36:30+00:00\",\"inLanguage\":\"de\",\"potentialAction\":[{\"@type\":\"ReadAction\",\"target\":[\"https:\/\/prueba.sonec.es\/sobre-nosotros\/\"]}]},{\"@type\":\"WebSite\",\"@id\":\"https:\/\/sonec.es\/#website\",\"url\":\"https:\/\/sonec.es\/\",\"name\":\"sonec\",\"description\":\"Sonec web\",\"potentialAction\":[{\"@type\":\"SearchAction\",\"target\":{\"@type\":\"EntryPoint\",\"urlTemplate\":\"https:\/\/sonec.es\/?s={search_term_string}\"},\"query-input\":{\"@type\":\"PropertyValueSpecification\",\"valueRequired\":true,\"valueName\":\"search_term_string\"}}],\"inLanguage\":\"de\"}]}<\/script>\n<!-- \/ Yoast SEO plugin. -->","yoast_head_json":{"title":"\u00dcber Uns - sonec","robots":{"index":"index","follow":"follow","max-snippet":"max-snippet:-1","max-image-preview":"max-image-preview:large","max-video-preview":"max-video-preview:-1"},"canonical":"https:\/\/prueba.sonec.es\/sobre-nosotros\/","og_locale":"de_DE","og_type":"article","og_title":"\u00dcber Uns - sonec","og_description":"\u00dcBER UNS DQC, maximale Zuverl\u00e4ssigkeit im Dienste des Kunden Seit \u00fcber zehn Jahren entwickelt, fabrizert und verkauft \u00a0DQC die neuesten Technologien im Feld der chemischen Produkte f\u00fcr den Bau. Das wichtigste Ziel von DQC ist seit seiner Firmengr\u00fcndung 1998 die kontinuierliche Verbesserung aller seiner Prozesse, weswegen alle Ressourcen im Dienst eines Produkts h\u00f6chster Qualit\u00e4t und [&hellip;]","og_url":"https:\/\/prueba.sonec.es\/sobre-nosotros\/","og_site_name":"sonec","article_modified_time":"2020-11-11T16:36:30+00:00","twitter_card":"summary_large_image","twitter_misc":{"Gesch\u00e4tzte Lesezeit":"10\u00a0Minuten"},"schema":{"@context":"https:\/\/schema.org","@graph":[{"@type":"WebPage","@id":"https:\/\/prueba.sonec.es\/sobre-nosotros\/","url":"https:\/\/prueba.sonec.es\/sobre-nosotros\/","name":"\u00dcber Uns - sonec","isPartOf":{"@id":"https:\/\/sonec.es\/#website"},"datePublished":"2016-09-22T17:10:41+00:00","dateModified":"2020-11-11T16:36:30+00:00","inLanguage":"de","potentialAction":[{"@type":"ReadAction","target":["https:\/\/prueba.sonec.es\/sobre-nosotros\/"]}]},{"@type":"WebSite","@id":"https:\/\/sonec.es\/#website","url":"https:\/\/sonec.es\/","name":"sonec","description":"Sonec web","potentialAction":[{"@type":"SearchAction","target":{"@type":"EntryPoint","urlTemplate":"https:\/\/sonec.es\/?s={search_term_string}"},"query-input":{"@type":"PropertyValueSpecification","valueRequired":true,"valueName":"search_term_string"}}],"inLanguage":"de"}]}},"_links":{"self":[{"href":"https:\/\/sonec.es\/de\/wp-json\/wp\/v2\/pages\/548","targetHints":{"allow":["GET"]}}],"collection":[{"href":"https:\/\/sonec.es\/de\/wp-json\/wp\/v2\/pages"}],"about":[{"href":"https:\/\/sonec.es\/de\/wp-json\/wp\/v2\/types\/page"}],"author":[{"embeddable":true,"href":"https:\/\/sonec.es\/de\/wp-json\/wp\/v2\/users\/2"}],"replies":[{"embeddable":true,"href":"https:\/\/sonec.es\/de\/wp-json\/wp\/v2\/comments?post=548"}],"version-history":[{"count":7,"href":"https:\/\/sonec.es\/de\/wp-json\/wp\/v2\/pages\/548\/revisions"}],"predecessor-version":[{"id":2610,"href":"https:\/\/sonec.es\/de\/wp-json\/wp\/v2\/pages\/548\/revisions\/2610"}],"wp:attachment":[{"href":"https:\/\/sonec.es\/de\/wp-json\/wp\/v2\/media?parent=548"}],"curies":[{"name":"wp","href":"https:\/\/api.w.org\/{rel}","templated":true}]}}